{"id":117,"date":"2011-01-07T18:28:37","date_gmt":"2011-01-07T18:28:37","guid":{"rendered":"http:\/\/www.ckaveiro.com\/?page_id=117"},"modified":"2026-01-27T15:54:10","modified_gmt":"2026-01-27T15:54:10","slug":"aveiro-vera-cruz","status":"publish","type":"page","link":"https:\/\/www.ckaveiro.com\/web\/locais-de-treino\/aveiro-vera-cruz\/","title":{"rendered":"Aveiro"},"content":{"rendered":"\n<h2 class=\"wp-block-heading\">Dojo de Aveiro<\/h2>\n\n\n\n<div class=\"wp-block-media-text is-stacked-on-mobile\"><figure class=\"wp-block-media-text__media\"><a href=\"https:\/\/maps.app.goo.gl\/UDCWCpDvzBnXKTyq5\" target=\"_blank\" rel=\" noreferrer noopener\"><img  title=\"\" loading=\"lazy\" decoding=\"async\" width=\"380\" height=\"380\" src=\"https:\/\/www.ckaveiro.com\/web\/wp-content\/uploads\/2024\/09\/image001-e1769080279887.jpg\"  alt=\"image001-e1769080279887 Aveiro\"  class=\"wp-image-2838 size-full\" srcset=\"https:\/\/www.ckaveiro.com\/web\/wp-content\/uploads\/2024\/09\/image001-e1769080279887.jpg 380w, https:\/\/www.ckaveiro.com\/web\/wp-content\/uploads\/2024\/09\/image001-e1769080279887-300x300.jpg 300w, https:\/\/www.ckaveiro.com\/web\/wp-content\/uploads\/2024\/09\/image001-e1769080279887-150x150.jpg 150w, https:\/\/www.ckaveiro.com\/web\/wp-content\/uploads\/2024\/09\/image001-e1769080279887-121x121.jpg 121w\" sizes=\"auto, (max-width: 380px) 100vw, 380px\" \/><\/a><\/figure><div class=\"wp-block-media-text__content\">\n<p>Universidade de Aveiro &#8211; Nave Multiusos&nbsp;Caixa&nbsp;UA<\/p>\n\n\n\n<p>(junto ao Pavilh\u00e3o Aristides Hall e \u00e0 rotunda do ISCA)<\/p>\n\n\n\n<p>Campus Universit\u00e1rio de Santiago<\/p>\n\n\n\n<p>3810-710 Aveiro<\/p>\n<\/div><\/div>\n\n\n\n<ul class=\"wp-block-list\">\n<li>Instrutor&nbsp;<strong><a href=\"https:\/\/www.ckaveiro.com\/web\/miguel-rocha\/\">Miguel Rocha<\/a><\/strong><\/li>\n\n\n\n<li>Instrutor Adjunto&nbsp;<strong>Jo\u00e3o Rocha<\/strong><\/li>\n\n\n\n<li>Instrutora Adjunta&nbsp;<strong>Sofia Rocha<\/strong><\/li>\n\n\n\n<li><a href=\"mailto:ckadojoaveiro@gmail.com\">ckadojoaveiro@gmail.com<\/a><\/li>\n\n\n\n<li><strong>Telm.<\/strong>&nbsp;963 525 111<\/li>\n<\/ul>\n\n\n\n<hr class=\"wp-block-separator has-alpha-channel-opacity\"\/>\n\n\n\n<h2 class=\"wp-block-heading\">Hor\u00e1rios<\/h2>\n\n\n\n<figure class=\"wp-block-image size-large\"><img  title=\"\" loading=\"lazy\" decoding=\"async\" width=\"1024\" height=\"306\" src=\"https:\/\/www.ckaveiro.com\/web\/wp-content\/uploads\/2026\/01\/DOJO-AVEIRO-1024x306.png\"  alt=\"DOJO-AVEIRO-1024x306 Aveiro\"  class=\"wp-image-3324\" srcset=\"https:\/\/www.ckaveiro.com\/web\/wp-content\/uploads\/2026\/01\/DOJO-AVEIRO-1024x306.png 1024w, https:\/\/www.ckaveiro.com\/web\/wp-content\/uploads\/2026\/01\/DOJO-AVEIRO-300x90.png 300w, https:\/\/www.ckaveiro.com\/web\/wp-content\/uploads\/2026\/01\/DOJO-AVEIRO-768x229.png 768w, https:\/\/www.ckaveiro.com\/web\/wp-content\/uploads\/2026\/01\/DOJO-AVEIRO-1536x459.png 1536w, https:\/\/www.ckaveiro.com\/web\/wp-content\/uploads\/2026\/01\/DOJO-AVEIRO.png 1694w\" sizes=\"auto, (max-width: 1024px) 100vw, 1024px\" \/><\/figure>\n","protected":false},"excerpt":{"rendered":"<p>Dojo de Aveiro Universidade de Aveiro &#8211; Nave Multiusos&nbsp;Caixa&nbsp;UA (junto ao Pavilh\u00e3o Aristides Hall e \u00e0 rotunda do ISCA) Campus Universit\u00e1rio de Santiago 3810-710 Aveiro Hor\u00e1rios<\/p>\n","protected":false},"author":1,"featured_media":0,"parent":6,"menu_order":0,"comment_status":"open","ping_status":"open","template":"","meta":{"footnotes":"","_links_to":"","_links_to_target":""},"class_list":["post-117","page","type-page","status-publish","hentry"],"_links":{"self":[{"href":"https:\/\/www.ckaveiro.com\/web\/wp-json\/wp\/v2\/pages\/117","targetHints":{"allow":["GET"]}}],"collection":[{"href":"https:\/\/www.ckaveiro.com\/web\/wp-json\/wp\/v2\/pages"}],"about":[{"href":"https:\/\/www.ckaveiro.com\/web\/wp-json\/wp\/v2\/types\/page"}],"author":[{"embeddable":true,"href":"https:\/\/www.ckaveiro.com\/web\/wp-json\/wp\/v2\/users\/1"}],"replies":[{"embeddable":true,"href":"https:\/\/www.ckaveiro.com\/web\/wp-json\/wp\/v2\/comments?post=117"}],"version-history":[{"count":74,"href":"https:\/\/www.ckaveiro.com\/web\/wp-json\/wp\/v2\/pages\/117\/revisions"}],"predecessor-version":[{"id":3336,"href":"https:\/\/www.ckaveiro.com\/web\/wp-json\/wp\/v2\/pages\/117\/revisions\/3336"}],"up":[{"embeddable":true,"href":"https:\/\/www.ckaveiro.com\/web\/wp-json\/wp\/v2\/pages\/6"}],"wp:attachment":[{"href":"https:\/\/www.ckaveiro.com\/web\/wp-json\/wp\/v2\/media?parent=117"}],"curies":[{"name":"wp","href":"https:\/\/api.w.org\/{rel}","templated":true}]}}