{"id":12,"date":"2011-01-06T15:47:11","date_gmt":"2011-01-06T15:47:11","guid":{"rendered":"http:\/\/www.ckaveiro.com\/?page_id=12"},"modified":"2026-04-23T08:16:07","modified_gmt":"2026-04-23T08:16:07","slug":"conselho-tecnico","status":"publish","type":"page","link":"https:\/\/www.ckaveiro.com\/web\/conselho-tecnico\/","title":{"rendered":"Conselho T\u00e9cnico"},"content":{"rendered":"\n<p><span style=\"font-size: large;\"><strong> Conselho T\u00e9cnico CKA<\/strong><\/span><\/p>\n\n\n\n<p><\/p>\n\n\n\n<figure class=\"wp-block-table is-style-stripes\" style=\"font-size:13px\"><table><tbody><tr><td class=\"has-text-align-center\" data-align=\"center\"><img  title=\"\" decoding=\"async\" src=\"https:\/\/www.ckaveiro.com\/web\/wp-content\/uploads\/2011\/01\/miguel.png\"  alt=\"miguel Conselho T\u00e9cnico\" ><br><a href=\"https:\/\/www.ckaveiro.com\/web\/miguel-rocha\/\">Miguel Rocha<\/a><\/td><td class=\"has-text-align-center\" data-align=\"center\"><img  title=\"\" decoding=\"async\" src=\"https:\/\/www.ckaveiro.com\/web\/wp-content\/uploads\/2011\/01\/henrique.png\"  alt=\"henrique Conselho T\u00e9cnico\" ><br><a href=\"https:\/\/www.ckaveiro.com\/web\/henrique-carrico\/\">Henrique Carri\u00e7o<\/a><\/td><td class=\"has-text-align-center\" data-align=\"center\"><img  title=\"\" decoding=\"async\" src=\"https:\/\/www.ckaveiro.com\/web\/wp-content\/uploads\/2011\/01\/lionel.png\"  alt=\"lionel Conselho T\u00e9cnico\" ><br><a href=\"https:\/\/www.ckaveiro.com\/web\/lionel-tavares\/\">Lionel Tavares<\/a><\/td><td class=\"has-text-align-center\" data-align=\"center\"><img  title=\"\" decoding=\"async\" src=\"https:\/\/www.ckaveiro.com\/web\/wp-content\/uploads\/2011\/01\/joao.png\"  alt=\"joao Conselho T\u00e9cnico\" ><br><a href=\"https:\/\/www.ckaveiro.com\/web\/joao-santos\/\">Jo\u00e3o Santos<\/a><\/td><\/tr><\/tbody><\/table><\/figure>\n\n\n\n<hr class=\"wp-block-separator has-alpha-channel-opacity is-style-default\"\/>\n\n\n\n<p><strong>Cintos Negros CKA<\/strong><\/p>\n\n\n\n<p>O Centro de Karate-Do de Aveiro, desde a sua funda\u00e7\u00e3o conseguiu formar\u00a0<strong>62 Cintos Negros<\/strong>:<br><strong>1 Cinto Negro 6\u00ba Dan<\/strong><br><strong>2 Cintos Negros 5\u00ba Dan\u00a0<\/strong><br><strong>3 Cintos Negros 4\u00ba Dan\u00a0<\/strong><br><strong>6 Cinto Negro 3\u00ba Dan<\/strong><br><strong>9 Cintos Negros 2\u00ba Dan\u00a0<\/strong><br><strong>41 Cintos Negros 1\u00ba Dan<\/strong><\/p>\n\n\n\n<p class=\"has-small-font-size\">(Actualizado em 11\/04\/2026)<\/p>\n\n\n\n<p><\/p>\n","protected":false},"excerpt":{"rendered":"<p>Conselho T\u00e9cnico CKA Miguel Rocha Henrique Carri\u00e7o Lionel Tavares Jo\u00e3o Santos Cintos Negros CKA O Centro de Karate-Do de Aveiro, desde a sua funda\u00e7\u00e3o conseguiu formar\u00a062 Cintos Negros:1 Cinto Negro 6\u00ba Dan2 Cintos Negros 5\u00ba Dan\u00a03 Cintos Negros 4\u00ba Dan\u00a06 Cinto Negro 3\u00ba Dan9 Cintos Negros 2\u00ba Dan\u00a041 Cintos Negros 1\u00ba Dan (Actualizado em 11\/04\/2026)<\/p>\n","protected":false},"author":1,"featured_media":0,"parent":0,"menu_order":0,"comment_status":"open","ping_status":"open","template":"","meta":{"footnotes":"","_links_to":"","_links_to_target":""},"class_list":["post-12","page","type-page","status-publish","hentry"],"_links":{"self":[{"href":"https:\/\/www.ckaveiro.com\/web\/wp-json\/wp\/v2\/pages\/12","targetHints":{"allow":["GET"]}}],"collection":[{"href":"https:\/\/www.ckaveiro.com\/web\/wp-json\/wp\/v2\/pages"}],"about":[{"href":"https:\/\/www.ckaveiro.com\/web\/wp-json\/wp\/v2\/types\/page"}],"author":[{"embeddable":true,"href":"https:\/\/www.ckaveiro.com\/web\/wp-json\/wp\/v2\/users\/1"}],"replies":[{"embeddable":true,"href":"https:\/\/www.ckaveiro.com\/web\/wp-json\/wp\/v2\/comments?post=12"}],"version-history":[{"count":76,"href":"https:\/\/www.ckaveiro.com\/web\/wp-json\/wp\/v2\/pages\/12\/revisions"}],"predecessor-version":[{"id":3460,"href":"https:\/\/www.ckaveiro.com\/web\/wp-json\/wp\/v2\/pages\/12\/revisions\/3460"}],"wp:attachment":[{"href":"https:\/\/www.ckaveiro.com\/web\/wp-json\/wp\/v2\/media?parent=12"}],"curies":[{"name":"wp","href":"https:\/\/api.w.org\/{rel}","templated":true}]}}