{"id":40,"date":"2011-01-06T18:28:27","date_gmt":"2011-01-06T18:28:27","guid":{"rendered":"http:\/\/www.ckaveiro.com\/?page_id=40"},"modified":"2026-01-30T10:49:50","modified_gmt":"2026-01-30T10:49:50","slug":"instrurores","status":"publish","type":"page","link":"https:\/\/www.ckaveiro.com\/web\/sobre\/instrurores\/","title":{"rendered":"Instrutores"},"content":{"rendered":"\n<div class=\"wp-block-columns is-layout-flex wp-container-core-columns-is-layout-9d6595d7 wp-block-columns-is-layout-flex\">\n<div class=\"wp-block-column is-layout-flow wp-block-column-is-layout-flow\" style=\"flex-basis:100%\">\n<h2 class=\"wp-block-heading\">Instrutores CKA<\/h2>\n<\/div>\n<\/div>\n\n\n\n<div class=\"wp-block-media-text is-stacked-on-mobile\" style=\"grid-template-columns:15% auto\"><figure class=\"wp-block-media-text__media\"><img  title=\"\" loading=\"lazy\" decoding=\"async\" width=\"114\" height=\"114\" src=\"https:\/\/www.ckaveiro.com\/web\/wp-content\/uploads\/2011\/01\/miguel.png\"  alt=\"miguel Instrutores\"  class=\"wp-image-578 size-full\"\/><\/figure><div class=\"wp-block-media-text__content\">\n<p class=\"has-text-align-center\"><a href=\"https:\/\/www.ckaveiro.com\/web\/miguel-rocha\/\" data-type=\"page\" data-id=\"537\">Miguel Rocha<\/a><\/p>\n<\/div><\/div>\n\n\n\n<hr class=\"wp-block-separator has-alpha-channel-opacity\"\/>\n\n\n\n<div class=\"wp-block-media-text is-stacked-on-mobile\" style=\"grid-template-columns:15% auto\"><figure class=\"wp-block-media-text__media\"><img  title=\"\" loading=\"lazy\" decoding=\"async\" width=\"114\" height=\"114\" src=\"https:\/\/www.ckaveiro.com\/web\/wp-content\/uploads\/2011\/01\/henrique.png\"  alt=\"henrique Instrutores\"  class=\"wp-image-588 size-full\"\/><\/figure><div class=\"wp-block-media-text__content\">\n<p class=\"has-text-align-center\"><a href=\"https:\/\/www.ckaveiro.com\/web\/henrique-carrico\/\" data-type=\"page\" data-id=\"548\">Henrique Carri\u00e7o<\/a><\/p>\n<\/div><\/div>\n\n\n\n<hr class=\"wp-block-separator has-alpha-channel-opacity\"\/>\n\n\n\n<div class=\"wp-block-media-text is-stacked-on-mobile\" style=\"grid-template-columns:15% auto\"><figure class=\"wp-block-media-text__media\"><img  title=\"\" loading=\"lazy\" decoding=\"async\" width=\"114\" height=\"114\" src=\"https:\/\/www.ckaveiro.com\/web\/wp-content\/uploads\/2011\/01\/lionel.png\"  alt=\"lionel Instrutores\"  class=\"wp-image-590 size-full\"\/><\/figure><div class=\"wp-block-media-text__content\">\n<p class=\"has-text-align-center\"><a href=\"https:\/\/www.ckaveiro.com\/web\/lionel-tavares\/\" data-type=\"page\" data-id=\"545\">Lionel Tavares<\/a><\/p>\n<\/div><\/div>\n\n\n\n<hr class=\"wp-block-separator has-alpha-channel-opacity\"\/>\n\n\n\n<div class=\"wp-block-media-text is-stacked-on-mobile\" style=\"grid-template-columns:15% auto\"><figure class=\"wp-block-media-text__media\"><img  title=\"\" loading=\"lazy\" decoding=\"async\" width=\"114\" height=\"114\" src=\"https:\/\/www.ckaveiro.com\/web\/wp-content\/uploads\/2011\/01\/joao.png\"  alt=\"joao Instrutores\"  class=\"wp-image-693 size-full\"\/><\/figure><div class=\"wp-block-media-text__content\">\n<p class=\"has-text-align-center\"><a href=\"https:\/\/www.ckaveiro.com\/web\/joao-santos\/\" data-type=\"page\" data-id=\"532\">Jo\u00e3o Santos<\/a><\/p>\n<\/div><\/div>\n\n\n\n<hr class=\"wp-block-separator has-alpha-channel-opacity\"\/>\n\n\n\n<div class=\"wp-block-media-text is-stacked-on-mobile\" style=\"grid-template-columns:15% auto\"><figure class=\"wp-block-media-text__media\"><img  title=\"\" loading=\"lazy\" decoding=\"async\" width=\"480\" height=\"480\" src=\"https:\/\/www.ckaveiro.com\/web\/wp-content\/uploads\/2026\/01\/vitor-graca.png\"  alt=\"vitor-graca Instrutores\"  class=\"wp-image-3102 size-full\" srcset=\"https:\/\/www.ckaveiro.com\/web\/wp-content\/uploads\/2026\/01\/vitor-graca.png 480w, https:\/\/www.ckaveiro.com\/web\/wp-content\/uploads\/2026\/01\/vitor-graca-300x300.png 300w, https:\/\/www.ckaveiro.com\/web\/wp-content\/uploads\/2026\/01\/vitor-graca-150x150.png 150w, https:\/\/www.ckaveiro.com\/web\/wp-content\/uploads\/2026\/01\/vitor-graca-121x121.png 121w\" sizes=\"auto, (max-width: 480px) 100vw, 480px\" \/><\/figure><div class=\"wp-block-media-text__content\">\n<p class=\"has-text-align-center\"><a href=\"https:\/\/www.ckaveiro.com\/web\/vitor-graca\/\" data-type=\"page\" data-id=\"554\">Vitor Gra\u00e7a<\/a><\/p>\n<\/div><\/div>\n\n\n\n<hr class=\"wp-block-separator has-alpha-channel-opacity\"\/>\n\n\n\n<div class=\"wp-block-media-text is-stacked-on-mobile\" style=\"grid-template-columns:15% auto\"><figure class=\"wp-block-media-text__media\"><img  title=\"\" loading=\"lazy\" decoding=\"async\" width=\"114\" height=\"114\" src=\"https:\/\/www.ckaveiro.com\/web\/wp-content\/uploads\/pina.jpg\"  alt=\"pina Instrutores\"  class=\"wp-image-2520 size-full\"\/><\/figure><div class=\"wp-block-media-text__content\">\n<p class=\"has-text-align-center\"><a href=\"https:\/\/www.ckaveiro.com\/web\/antonio-pina\/\" data-type=\"page\" data-id=\"3117\">Antonio Pina<\/a><\/p>\n<\/div><\/div>\n\n\n\n<hr class=\"wp-block-separator has-alpha-channel-opacity\"\/>\n\n\n\n<div class=\"wp-block-media-text is-stacked-on-mobile\" style=\"grid-template-columns:15% auto\"><figure class=\"wp-block-media-text__media\"><a href=\"http:\/\/ksk-academy.org\/\"><img  title=\"\" loading=\"lazy\" decoding=\"async\" width=\"1024\" height=\"1024\" src=\"https:\/\/www.ckaveiro.com\/web\/wp-content\/uploads\/2026\/01\/KARATE-SHOTOKAN-KASE-HA-ACADEMY-1024x1024.png\"  alt=\"KARATE-SHOTOKAN-KASE-HA-ACADEMY-1024x1024 Instrutores\"  class=\"wp-image-3094 size-full\" srcset=\"https:\/\/www.ckaveiro.com\/web\/wp-content\/uploads\/2026\/01\/KARATE-SHOTOKAN-KASE-HA-ACADEMY-1024x1024.png 1024w, https:\/\/www.ckaveiro.com\/web\/wp-content\/uploads\/2026\/01\/KARATE-SHOTOKAN-KASE-HA-ACADEMY-300x300.png 300w, https:\/\/www.ckaveiro.com\/web\/wp-content\/uploads\/2026\/01\/KARATE-SHOTOKAN-KASE-HA-ACADEMY-150x150.png 150w, https:\/\/www.ckaveiro.com\/web\/wp-content\/uploads\/2026\/01\/KARATE-SHOTOKAN-KASE-HA-ACADEMY-768x768.png 768w, https:\/\/www.ckaveiro.com\/web\/wp-content\/uploads\/2026\/01\/KARATE-SHOTOKAN-KASE-HA-ACADEMY-121x121.png 121w, https:\/\/www.ckaveiro.com\/web\/wp-content\/uploads\/2026\/01\/KARATE-SHOTOKAN-KASE-HA-ACADEMY.png 1182w\" sizes=\"auto, (max-width: 1024px) 100vw, 1024px\" \/><\/a><\/figure><div class=\"wp-block-media-text__content\">\n<p class=\"has-small-font-size\">Membros kSKA<\/p>\n<\/div><\/div>\n\n\n\n<p class=\"has-medium-font-size\"><strong><span style=\"text-decoration: underline;\">Treinadores&nbsp; Credenciados<\/span><\/strong><\/p>\n\n\n\n<p>O CKA tem entre os seus associados os seguintes Treinadores credenciados:<\/p>\n\n\n\n<p>16 Treinadores com Curso de Treinador de Karate <strong>N\u00edvel 1<\/strong> da Federa\u00e7\u00e3o Nacional de Karate \u2013 Portugal, reconhecidos pelo IPDJ &#8211; Instituto Portugu\u00eas do Desporto e Juventude.<\/p>\n\n\n\n<p>7 Treinadores com Curso de Treinador de Karate <strong>N\u00edvel 2<\/strong> da Federa\u00e7\u00e3o Nacional de Karate \u2013 Portugal, reconhecidos pelo IPDJ &#8211; Instituto Portugu\u00eas do Desporto e Juventude.<\/p>\n\n\n\n<p class=\"has-small-font-size\">(Actualizado em 27\/01\/2026)<\/p>\n\n\n\n<p class=\"has-medium-font-size\"><strong><span style=\"text-decoration: underline;\">Instrutores KSKA<\/span><\/strong><\/p>\n\n\n\n<p>O CKA tem dois instrutores reconhecidos e &nbsp;credenciados pelo Conselho T\u00e9cnico da \u201cKase Ha Shotokan Ryu Karate-Do Academy\u201d como Instrutores desta organiza\u00e7\u00e3o.<\/p>\n\n\n\n<p>Salienta-se que estes dois instrutores est\u00e3o entre os quatro primeiros portugueses a ter este reconhecimento.<\/p>\n\n\n\n<p><\/p>\n","protected":false},"excerpt":{"rendered":"<p>Instrutores CKA Miguel Rocha Henrique Carri\u00e7o Lionel Tavares Jo\u00e3o Santos Vitor Gra\u00e7a Antonio Pina Membros kSKA Treinadores&nbsp; Credenciados O CKA tem entre os seus associados os seguintes Treinadores credenciados: 16 Treinadores com Curso de Treinador de Karate N\u00edvel 1 da Federa\u00e7\u00e3o Nacional de Karate \u2013 Portugal, reconhecidos pelo IPDJ &#8211; Instituto Portugu\u00eas do Desporto e<\/p><\/div>\n<div class=\"blog-btn\"><a href=\"https:\/\/www.ckaveiro.com\/web\/sobre\/instrurores\/\" class=\"home-blog-btn\">Ler mais<\/a><\/p>\n","protected":false},"author":1,"featured_media":0,"parent":2,"menu_order":0,"comment_status":"open","ping_status":"open","template":"","meta":{"footnotes":"","_links_to":"","_links_to_target":""},"class_list":["post-40","page","type-page","status-publish","hentry"],"_links":{"self":[{"href":"https:\/\/www.ckaveiro.com\/web\/wp-json\/wp\/v2\/pages\/40","targetHints":{"allow":["GET"]}}],"collection":[{"href":"https:\/\/www.ckaveiro.com\/web\/wp-json\/wp\/v2\/pages"}],"about":[{"href":"https:\/\/www.ckaveiro.com\/web\/wp-json\/wp\/v2\/types\/page"}],"author":[{"embeddable":true,"href":"https:\/\/www.ckaveiro.com\/web\/wp-json\/wp\/v2\/users\/1"}],"replies":[{"embeddable":true,"href":"https:\/\/www.ckaveiro.com\/web\/wp-json\/wp\/v2\/comments?post=40"}],"version-history":[{"count":183,"href":"https:\/\/www.ckaveiro.com\/web\/wp-json\/wp\/v2\/pages\/40\/revisions"}],"predecessor-version":[{"id":3415,"href":"https:\/\/www.ckaveiro.com\/web\/wp-json\/wp\/v2\/pages\/40\/revisions\/3415"}],"up":[{"embeddable":true,"href":"https:\/\/www.ckaveiro.com\/web\/wp-json\/wp\/v2\/pages\/2"}],"wp:attachment":[{"href":"https:\/\/www.ckaveiro.com\/web\/wp-json\/wp\/v2\/media?parent=40"}],"curies":[{"name":"wp","href":"https:\/\/api.w.org\/{rel}","templated":true}]}}