{"id":42,"date":"2011-01-06T18:29:02","date_gmt":"2011-01-06T18:29:02","guid":{"rendered":"http:\/\/www.ckaveiro.com\/?page_id=42"},"modified":"2026-01-30T10:55:24","modified_gmt":"2026-01-30T10:55:24","slug":"corpos-sociais","status":"publish","type":"page","link":"https:\/\/www.ckaveiro.com\/web\/sobre\/corpos-sociais\/","title":{"rendered":"Corpos Gerentes"},"content":{"rendered":"\n<p><strong>CORPOS GERENTES<\/strong> 2017 \/ 2026<\/p>\n\n\n\n<hr class=\"wp-block-separator has-alpha-channel-opacity is-style-wide\"\/>\n\n\n\n<p><strong>DIRE\u00c7\u00c3O<\/strong><\/p>\n\n\n\n<div class=\"wp-block-media-text alignwide is-stacked-on-mobile\" style=\"grid-template-columns:15% auto\"><figure class=\"wp-block-media-text__media\"><img  title=\"\" loading=\"lazy\" decoding=\"async\" width=\"244\" height=\"272\" src=\"https:\/\/www.ckaveiro.com\/web\/wp-content\/uploads\/2011\/01\/henrique.jpg\"  alt=\"henrique Corpos Gerentes\"  class=\"wp-image-1350 size-full\" srcset=\"https:\/\/www.ckaveiro.com\/web\/wp-content\/uploads\/2011\/01\/henrique.jpg 244w, https:\/\/www.ckaveiro.com\/web\/wp-content\/uploads\/2011\/01\/henrique-114x128.jpg 114w\" sizes=\"auto, (max-width: 244px) 100vw, 244px\" \/><\/figure><div class=\"wp-block-media-text__content\">\n<p class=\"has-small-font-size\"><strong>Presidente<\/strong> Henrique Manuel Oliveira Carri\u00e7o<\/p>\n\n\n\n<p class=\"has-small-font-size\">Telm. 96 54 45 995<\/p>\n<\/div><\/div>\n\n\n\n<div class=\"wp-block-media-text alignwide is-stacked-on-mobile\" style=\"grid-template-columns:15% auto\"><figure class=\"wp-block-media-text__media\"><img  title=\"\" loading=\"lazy\" decoding=\"async\" width=\"244\" height=\"272\" src=\"https:\/\/www.ckaveiro.com\/web\/wp-content\/uploads\/2011\/01\/joao.jpg\"  alt=\"joao Corpos Gerentes\"  class=\"wp-image-1347 size-full\" srcset=\"https:\/\/www.ckaveiro.com\/web\/wp-content\/uploads\/2011\/01\/joao.jpg 244w, https:\/\/www.ckaveiro.com\/web\/wp-content\/uploads\/2011\/01\/joao-114x128.jpg 114w\" sizes=\"auto, (max-width: 244px) 100vw, 244px\" \/><\/figure><div class=\"wp-block-media-text__content\">\n<p class=\"has-small-font-size\"><strong>Vice Presidente<\/strong> Jo\u00e3o Ant\u00f3nio dos Santos<\/p>\n\n\n\n<p class=\"has-small-font-size\">Telm. 91 69 81 791<\/p>\n<\/div><\/div>\n\n\n\n<div class=\"wp-block-media-text alignwide is-stacked-on-mobile\" style=\"grid-template-columns:15% auto\"><figure class=\"wp-block-media-text__media\"><img  title=\"\" loading=\"lazy\" decoding=\"async\" width=\"244\" height=\"272\" src=\"https:\/\/www.ckaveiro.com\/web\/wp-content\/uploads\/2011\/01\/confraria.jpg\"  alt=\"confraria Corpos Gerentes\"  class=\"wp-image-1351 size-full\" srcset=\"https:\/\/www.ckaveiro.com\/web\/wp-content\/uploads\/2011\/01\/confraria.jpg 244w, https:\/\/www.ckaveiro.com\/web\/wp-content\/uploads\/2011\/01\/confraria-114x128.jpg 114w\" sizes=\"auto, (max-width: 244px) 100vw, 244px\" \/><\/figure><div class=\"wp-block-media-text__content\">\n<p class=\"has-small-font-size\"><strong>Tesoureiro&nbsp;<\/strong>Ricardo Miguel de Matos Confraria<\/p>\n\n\n\n<p class=\"has-small-font-size\">Telm. 92 65 98 207<\/p>\n<\/div><\/div>\n\n\n\n<hr class=\"wp-block-separator has-alpha-channel-opacity is-style-wide\"\/>\n\n\n\n<p><strong>CONSELHO FISCAL<\/strong><\/p>\n\n\n\n<div class=\"wp-block-media-text alignwide is-stacked-on-mobile\" style=\"grid-template-columns:15% auto\"><figure class=\"wp-block-media-text__media\"><img  title=\"\" loading=\"lazy\" decoding=\"async\" width=\"244\" height=\"272\" src=\"https:\/\/www.ckaveiro.com\/web\/wp-content\/uploads\/2011\/01\/lionel1.jpg\"  alt=\"lionel1 Corpos Gerentes\"  class=\"wp-image-1346 size-full\" srcset=\"https:\/\/www.ckaveiro.com\/web\/wp-content\/uploads\/2011\/01\/lionel1.jpg 244w, https:\/\/www.ckaveiro.com\/web\/wp-content\/uploads\/2011\/01\/lionel1-114x128.jpg 114w\" sizes=\"auto, (max-width: 244px) 100vw, 244px\" \/><\/figure><div class=\"wp-block-media-text__content\">\n<p class=\"has-small-font-size\"><strong>Presidente<\/strong> Lionel Gomes Tavares<\/p>\n\n\n\n<p class=\"has-small-font-size\">Telm. 91 34 23 348<\/p>\n<\/div><\/div>\n\n\n\n<div class=\"wp-block-media-text alignwide is-stacked-on-mobile\" style=\"grid-template-columns:15% auto\"><figure class=\"wp-block-media-text__media\"><img  title=\"\" loading=\"lazy\" decoding=\"async\" width=\"244\" height=\"272\" src=\"https:\/\/www.ckaveiro.com\/web\/wp-content\/uploads\/2011\/01\/vitor.jpg\"  alt=\"vitor Corpos Gerentes\"  class=\"wp-image-1343 size-full\" srcset=\"https:\/\/www.ckaveiro.com\/web\/wp-content\/uploads\/2011\/01\/vitor.jpg 244w, https:\/\/www.ckaveiro.com\/web\/wp-content\/uploads\/2011\/01\/vitor-114x128.jpg 114w\" sizes=\"auto, (max-width: 244px) 100vw, 244px\" \/><\/figure><div class=\"wp-block-media-text__content\">\n<p class=\"has-small-font-size\"><strong>Vice Presidente&nbsp;<\/strong>Victor Lu\u00eds Henrique Gra\u00e7a<\/p>\n\n\n\n<p class=\"has-small-font-size\">Telm. 939 550 950<\/p>\n<\/div><\/div>\n\n\n\n<div class=\"wp-block-media-text alignwide is-stacked-on-mobile\" style=\"grid-template-columns:15% auto\"><figure class=\"wp-block-media-text__media\"><img  title=\"\" loading=\"lazy\" decoding=\"async\" width=\"244\" height=\"272\" src=\"https:\/\/www.ckaveiro.com\/web\/wp-content\/uploads\/2011\/01\/felix1.jpg\"  alt=\"felix1 Corpos Gerentes\"  class=\"wp-image-1348 size-full\" srcset=\"https:\/\/www.ckaveiro.com\/web\/wp-content\/uploads\/2011\/01\/felix1.jpg 244w, https:\/\/www.ckaveiro.com\/web\/wp-content\/uploads\/2011\/01\/felix1-114x128.jpg 114w\" sizes=\"auto, (max-width: 244px) 100vw, 244px\" \/><\/figure><div class=\"wp-block-media-text__content\">\n<p class=\"has-small-font-size\"><strong>Secret\u00e1rio<\/strong> Ricardo de Oliveira F\u00e9lix de Almeida<\/p>\n\n\n\n<p class=\"has-small-font-size\">Telm. 91 43 44 166<\/p>\n<\/div><\/div>\n\n\n\n<hr class=\"wp-block-separator has-alpha-channel-opacity is-style-wide\"\/>\n\n\n\n<p><strong>MESA DA ASSEMBLEIA GERAL<\/strong><\/p>\n\n\n\n<div class=\"wp-block-media-text alignwide is-stacked-on-mobile\" style=\"grid-template-columns:15% auto\"><figure class=\"wp-block-media-text__media\"><img  title=\"\" loading=\"lazy\" decoding=\"async\" width=\"244\" height=\"272\" src=\"https:\/\/www.ckaveiro.com\/web\/wp-content\/uploads\/2011\/01\/miguel.jpg\"  alt=\"miguel Corpos Gerentes\"  class=\"wp-image-1345 size-full\" srcset=\"https:\/\/www.ckaveiro.com\/web\/wp-content\/uploads\/2011\/01\/miguel.jpg 244w, https:\/\/www.ckaveiro.com\/web\/wp-content\/uploads\/2011\/01\/miguel-114x128.jpg 114w\" sizes=\"auto, (max-width: 244px) 100vw, 244px\" \/><\/figure><div class=\"wp-block-media-text__content\">\n<p class=\"has-small-font-size\">Miguel Duarte da Silva Pereira Campos Rocha<\/p>\n\n\n\n<p class=\"has-small-font-size\">Telm. 96 35 25 111<\/p>\n<\/div><\/div>\n\n\n\n<div class=\"wp-block-media-text alignwide is-stacked-on-mobile\" style=\"grid-template-columns:15% auto\"><figure class=\"wp-block-media-text__media\"><img  title=\"\" loading=\"lazy\" decoding=\"async\" width=\"244\" height=\"272\" src=\"https:\/\/www.ckaveiro.com\/web\/wp-content\/uploads\/2011\/01\/trindade.jpg\"  alt=\"trindade Corpos Gerentes\"  class=\"wp-image-1342 size-full\" srcset=\"https:\/\/www.ckaveiro.com\/web\/wp-content\/uploads\/2011\/01\/trindade.jpg 244w, https:\/\/www.ckaveiro.com\/web\/wp-content\/uploads\/2011\/01\/trindade-114x128.jpg 114w\" sizes=\"auto, (max-width: 244px) 100vw, 244px\" \/><\/figure><div class=\"wp-block-media-text__content\">\n<p class=\"has-small-font-size\"><strong>Vice Presidente&nbsp;<\/strong>Jos\u00e9 Adriano Sucena Trindade<\/p>\n\n\n\n<p class=\"has-small-font-size\">Telm. 91 22 17 615<\/p>\n<\/div><\/div>\n\n\n\n<div class=\"wp-block-media-text alignwide is-stacked-on-mobile\" style=\"grid-template-columns:15% auto\"><figure class=\"wp-block-media-text__media\"><img  title=\"\" loading=\"lazy\" decoding=\"async\" width=\"200\" height=\"200\" src=\"https:\/\/www.ckaveiro.com\/web\/wp-content\/uploads\/2024\/03\/EMILIO-ESTRELINHA.png\"  alt=\"EMILIO-ESTRELINHA Corpos Gerentes\"  class=\"wp-image-2828 size-full\" srcset=\"https:\/\/www.ckaveiro.com\/web\/wp-content\/uploads\/2024\/03\/EMILIO-ESTRELINHA.png 200w, https:\/\/www.ckaveiro.com\/web\/wp-content\/uploads\/2024\/03\/EMILIO-ESTRELINHA-150x150.png 150w, https:\/\/www.ckaveiro.com\/web\/wp-content\/uploads\/2024\/03\/EMILIO-ESTRELINHA-121x121.png 121w\" sizes=\"auto, (max-width: 200px) 100vw, 200px\" \/><\/figure><div class=\"wp-block-media-text__content\">\n<p class=\"has-small-font-size\"><strong><strong>Secretario&nbsp;<\/strong><\/strong>Emilio Gerardo Estrelinha&nbsp;<\/p>\n\n\n\n<p class=\"has-small-font-size\">Telm.<\/p>\n<\/div><\/div>\n\n\n\n<hr class=\"wp-block-separator has-alpha-channel-opacity is-style-wide\"\/>\n\n\n\n<p><strong>CONSELHO T\u00c9CNICO<\/strong><\/p>\n\n\n\n<div class=\"wp-block-media-text alignwide is-stacked-on-mobile\" style=\"grid-template-columns:15% auto\"><figure class=\"wp-block-media-text__media\"><img  title=\"\" loading=\"lazy\" decoding=\"async\" width=\"244\" height=\"272\" src=\"https:\/\/www.ckaveiro.com\/web\/wp-content\/uploads\/2011\/01\/miguel.jpg\"  alt=\"miguel Corpos Gerentes\"  class=\"wp-image-1345 size-full\" srcset=\"https:\/\/www.ckaveiro.com\/web\/wp-content\/uploads\/2011\/01\/miguel.jpg 244w, https:\/\/www.ckaveiro.com\/web\/wp-content\/uploads\/2011\/01\/miguel-114x128.jpg 114w\" sizes=\"auto, (max-width: 244px) 100vw, 244px\" \/><\/figure><div class=\"wp-block-media-text__content\">\n<p class=\"has-small-font-size\">Miguel Duarte da Silva Pereira Campos Rocha &#8211; 6\u00ba DAN<\/p>\n\n\n\n<p class=\"has-small-font-size\">Telm. 96 35 25 111<\/p>\n<\/div><\/div>\n\n\n\n<div class=\"wp-block-media-text alignwide is-stacked-on-mobile\" style=\"grid-template-columns:15% auto\"><figure class=\"wp-block-media-text__media\"><img  title=\"\" loading=\"lazy\" decoding=\"async\" width=\"244\" height=\"272\" src=\"https:\/\/www.ckaveiro.com\/web\/wp-content\/uploads\/2011\/01\/henrique.jpg\"  alt=\"henrique Corpos Gerentes\"  class=\"wp-image-1350 size-full\" srcset=\"https:\/\/www.ckaveiro.com\/web\/wp-content\/uploads\/2011\/01\/henrique.jpg 244w, https:\/\/www.ckaveiro.com\/web\/wp-content\/uploads\/2011\/01\/henrique-114x128.jpg 114w\" sizes=\"auto, (max-width: 244px) 100vw, 244px\" \/><\/figure><div class=\"wp-block-media-text__content\">\n<p class=\"has-small-font-size\">Henrique Manuel Oliveira Carri\u00e7o &#8211; 5\u00ba DAN<\/p>\n\n\n\n<p class=\"has-small-font-size\">Telm. 96 54 45 995<\/p>\n<\/div><\/div>\n\n\n\n<div class=\"wp-block-media-text alignwide is-stacked-on-mobile\" style=\"grid-template-columns:15% auto\"><figure class=\"wp-block-media-text__media\"><img  title=\"\" loading=\"lazy\" decoding=\"async\" width=\"244\" height=\"272\" src=\"https:\/\/www.ckaveiro.com\/web\/wp-content\/uploads\/2011\/01\/lionel1.jpg\"  alt=\"lionel1 Corpos Gerentes\"  class=\"wp-image-1346 size-full\" srcset=\"https:\/\/www.ckaveiro.com\/web\/wp-content\/uploads\/2011\/01\/lionel1.jpg 244w, https:\/\/www.ckaveiro.com\/web\/wp-content\/uploads\/2011\/01\/lionel1-114x128.jpg 114w\" sizes=\"auto, (max-width: 244px) 100vw, 244px\" \/><\/figure><div class=\"wp-block-media-text__content\">\n<p class=\"has-small-font-size\">Lionel Gomes Tavares &#8211;&nbsp;4\u00ba DAN<\/p>\n\n\n\n<p class=\"has-small-font-size\">Telm. 91 34 23 348<\/p>\n<\/div><\/div>\n\n\n\n<div class=\"wp-block-media-text alignwide is-stacked-on-mobile\" style=\"grid-template-columns:15% auto\"><figure class=\"wp-block-media-text__media\"><img  title=\"\" loading=\"lazy\" decoding=\"async\" width=\"244\" height=\"272\" src=\"https:\/\/www.ckaveiro.com\/web\/wp-content\/uploads\/2011\/01\/joao.jpg\"  alt=\"joao Corpos Gerentes\"  class=\"wp-image-1347 size-full\" srcset=\"https:\/\/www.ckaveiro.com\/web\/wp-content\/uploads\/2011\/01\/joao.jpg 244w, https:\/\/www.ckaveiro.com\/web\/wp-content\/uploads\/2011\/01\/joao-114x128.jpg 114w\" sizes=\"auto, (max-width: 244px) 100vw, 244px\" \/><\/figure><div class=\"wp-block-media-text__content\">\n<p class=\"has-small-font-size\">Jo\u00e3o Ant\u00f3nio dos Santos &#8211; 4\u00ba DAN<\/p>\n\n\n\n<p class=\"has-small-font-size\">Telm. 91 69 81 791<\/p>\n<\/div><\/div>\n\n\n\n<hr class=\"wp-block-separator has-alpha-channel-opacity is-style-wide\"\/>\n\n\n\n<p><\/p>\n","protected":false},"excerpt":{"rendered":"<p>CORPOS GERENTES 2017 \/ 2026 DIRE\u00c7\u00c3O Presidente Henrique Manuel Oliveira Carri\u00e7o Telm. 96 54 45 995 Vice Presidente Jo\u00e3o Ant\u00f3nio dos Santos Telm. 91 69 81 791 Tesoureiro&nbsp;Ricardo Miguel de Matos Confraria Telm. 92 65 98 207 CONSELHO FISCAL Presidente Lionel Gomes Tavares Telm. 91 34 23 348 Vice Presidente&nbsp;Victor Lu\u00eds Henrique Gra\u00e7a Telm. 939<\/p><\/div>\n<div class=\"blog-btn\"><a href=\"https:\/\/www.ckaveiro.com\/web\/sobre\/corpos-sociais\/\" class=\"home-blog-btn\">Ler mais<\/a><\/p>\n","protected":false},"author":1,"featured_media":0,"parent":2,"menu_order":0,"comment_status":"open","ping_status":"closed","template":"","meta":{"footnotes":"","_links_to":"","_links_to_target":""},"class_list":["post-42","page","type-page","status-publish","hentry"],"_links":{"self":[{"href":"https:\/\/www.ckaveiro.com\/web\/wp-json\/wp\/v2\/pages\/42","targetHints":{"allow":["GET"]}}],"collection":[{"href":"https:\/\/www.ckaveiro.com\/web\/wp-json\/wp\/v2\/pages"}],"about":[{"href":"https:\/\/www.ckaveiro.com\/web\/wp-json\/wp\/v2\/types\/page"}],"author":[{"embeddable":true,"href":"https:\/\/www.ckaveiro.com\/web\/wp-json\/wp\/v2\/users\/1"}],"replies":[{"embeddable":true,"href":"https:\/\/www.ckaveiro.com\/web\/wp-json\/wp\/v2\/comments?post=42"}],"version-history":[{"count":121,"href":"https:\/\/www.ckaveiro.com\/web\/wp-json\/wp\/v2\/pages\/42\/revisions"}],"predecessor-version":[{"id":3419,"href":"https:\/\/www.ckaveiro.com\/web\/wp-json\/wp\/v2\/pages\/42\/revisions\/3419"}],"up":[{"embeddable":true,"href":"https:\/\/www.ckaveiro.com\/web\/wp-json\/wp\/v2\/pages\/2"}],"wp:attachment":[{"href":"https:\/\/www.ckaveiro.com\/web\/wp-json\/wp\/v2\/media?parent=42"}],"curies":[{"name":"wp","href":"https:\/\/api.w.org\/{rel}","templated":true}]}}