{"id":537,"date":"2011-01-25T14:07:15","date_gmt":"2011-01-25T14:07:15","guid":{"rendered":"http:\/\/www.ckaveiro.com\/demo\/"},"modified":"2026-01-20T10:39:50","modified_gmt":"2026-01-20T10:39:50","slug":"miguel-rocha","status":"publish","type":"page","link":"https:\/\/www.ckaveiro.com\/web\/miguel-rocha\/","title":{"rendered":"Miguel Rocha"},"content":{"rendered":"\n<h2 class=\"wp-block-heading\"><strong>Miguel Rocha<\/strong><\/h2>\n\n\n\n<div class=\"wp-block-media-text is-stacked-on-mobile\" style=\"grid-template-columns:25% auto\"><figure class=\"wp-block-media-text__media\"><img  title=\"\" loading=\"lazy\" decoding=\"async\" width=\"272\" height=\"362\" src=\"https:\/\/www.ckaveiro.com\/web\/wp-content\/uploads\/2011\/01\/m.jpg\"  alt=\"m Miguel Rocha\"  class=\"wp-image-569 size-full\" srcset=\"https:\/\/www.ckaveiro.com\/web\/wp-content\/uploads\/2011\/01\/m.jpg 272w, https:\/\/www.ckaveiro.com\/web\/wp-content\/uploads\/2011\/01\/m-225x300.jpg 225w, https:\/\/www.ckaveiro.com\/web\/wp-content\/uploads\/2011\/01\/m-96x128.jpg 96w\" sizes=\"auto, (max-width: 272px) 100vw, 272px\" \/><\/figure><div class=\"wp-block-media-text__content\">\n<p><\/p>\n<\/div><\/div>\n\n\n\n<hr class=\"wp-block-separator has-alpha-channel-opacity\"\/>\n\n\n\n<h2 class=\"wp-block-heading has-medium-font-size\"><strong>Curriculum<\/strong><\/h2>\n\n\n\n<p>Nascido em Aveiro a 18 de Novembro de 1965, iniciou a pr\u00e1tica de Karate em 1977, no \u201cCentro de Karate-Do de Aveiro\u201d.<\/p>\n\n\n\n<p>Sob a orienta\u00e7\u00e3o t\u00e9cnica da \u201cAssocia\u00e7\u00e3o Shotokan Karate-Do de Portugal\u201d obteve as diversas gradua\u00e7\u00f5es at\u00e9 Cinto Negro \u2013 1\u00ba Dan, conseguindo esta gradua\u00e7\u00e3o em 1984, a qual foi atribuida pelo Sensei Mikio Yahara da \u201cJapan Karate Association\u201d. Em 1988, passou a seguir a linha de Karate Shotokan do Sensei Taiji Kase e da \u201cWorld Karate Shotokan Academy\u201d. Nesta organiza\u00e7\u00e3o, obteve a gradua\u00e7\u00e3o de 2\u00ba Dan em 1991 e 3\u00ba Dan em 1993, gradua\u00e7\u00f5es conferidas pelo Sensei Taiji Kase. Em 1994, foi admitido como membro da \u201cWorld Karate Shotokan Academy\u201d, tendo sido graduado 4\u00ba Dan em 1998, novamente pelo Sensei Taiji Kase.<\/p>\n\n\n\n<p>Em 2002, torna-se membro da \u201cShotokan Ryu Kase Ha Instructors Academy\u201d, organiza\u00e7\u00e3o que neste ano substitui a \u201cWorld Karate Shotokan Academy\u201d, continuando assim sob a orienta\u00e7\u00e3o t\u00e9cnica do Sensei Taiji Kase.&nbsp;<\/p>\n\n\n\n<p>Em 2003 por proposta do Sensei Taiji Kase, \u00e9 graduado pelo mesmo em 5\u00ba Dan.<\/p>\n\n\n\n<p>Ap\u00f3s o falecimento do Sensei Taiji Kase em Novembro de 2004, continuou na \u201cShotokan Ryu Kase Ha Instructors Academy\u201d, sob orienta\u00e7\u00e3o t\u00e9cnica, principalmente, do Sensei Dirk Heene.<\/p>\n\n\n\n<p>Em 2019 por proposta do Sensei Dirk Heene, \u00e9 graduado pelo mesmo em 6\u00ba Dan.<\/p>\n\n\n\n<p>Participou em mais de 140 cursos de forma\u00e7\u00e3o t\u00e9cnica orientados por conceituados instrutores de Karate Shotokan, entre os quais, Sensei Taiji Kase, Sensei Hiroshi Shirai, Sensei Hidetaka Nishiyama, Sensei Keinosuke Enoeda , Sensei Mikio Yahara, Sensei KeigoAbe , Sensei Dirk Heene e Sensei Jean-Pierre Lavorato, salientando-se que com o Sensei Taiji Kase efectuou 44 cursos, entre 1988 e 2003.<\/p>\n\n\n\n<p>Instrutor desde 1982, pertence ao Conselho T\u00e9cnico e aos Corpos Gerentes do \u201cCentro de Karate-Do de Aveiro\u201d desde 1987.<\/p>\n\n\n\n<p>Efectuou em 2005 o Curso de Treinador Monitor da Federa\u00e7\u00e3o Nacional de Karate \u2013 Portugal (actualmente Treinador de Desporto \u2013 Karate Grau 1), no qual foi aprovado com 18,8 valores.<\/p>\n\n\n\n<p>Efectuou em 2008 o Curso de Treinador N\u00edvel 1 da Federa\u00e7\u00e3o Nacional de Karate \u2013 Portugal (actualmente Treinador de Desporto \u2013 Karate Grau 2), no qual foi aprovado com 16 valores.<\/p>\n\n\n\n<p>Tem actualmente activo o T\u00edtulo Profissional de Treinador de Desporto \u2013 Karate Grau 2, emitido pelo Instituto Portugu\u00eas de Desporto e Juventude.<\/p>\n\n\n\n<p>Foi um dos primeiros tr\u00eas instrutores em Portugal a receber em 2013 o Diploma de Instrutor da \u201cShotokan Ryu Kase Ha Instructors Academy\u201d.<\/p>\n\n\n\n<p><strong>Cursos com o Sensei Taiji Kase<\/strong><\/p>\n\n\n\n<p><strong>Data<\/strong>&nbsp;&nbsp;&#8211;&nbsp;<strong>Localidade&nbsp;&#8211;&nbsp;<\/strong><strong>Pa\u00eds<\/strong><\/p>\n\n\n\n<p>10 a 12\/06\/1988 &#8211; Caravaca de La Cruz &#8211; Espanha<\/p>\n\n\n\n<p>23 a 25\/02\/1990 &#8211; Coimbra &#8211; Portugal<\/p>\n\n\n\n<p>09 a 11\/11\/1990 &#8211; Coimbra &#8211; Portugal<\/p>\n\n\n\n<p>12 a 14\/04\/1991 &#8211; Alverca &#8211; Portugal<\/p>\n\n\n\n<p>21 a 23\/06\/1991 &#8211; Pelos Di Cadore &#8211; It\u00e1lia<\/p>\n\n\n\n<p>01 a 03\/11\/1991 &#8211; Porto &#8211; Portugal<\/p>\n\n\n\n<p>03 a 05 04\/1992 &#8211; Aveiro &#8211; Portugal<\/p>\n\n\n\n<p>10 a 14\/08\/1992 &#8211; Aldeia das A\u00e7oteias &#8211; Portugal<\/p>\n\n\n\n<p>23 a 25\/10\/1992 &#8211; Coimbra &#8211; Portugal<\/p>\n\n\n\n<p>16 a 18\/04\/1993 &#8211; Leiria &#8211; Portugal<\/p>\n\n\n\n<p>12 e 13\/08\/1993 &#8211; Espinho &#8211; Portugal<\/p>\n\n\n\n<p>05 a 07\/11\/1993 &#8211; Set\u00fabal &#8211; Portugal<\/p>\n\n\n\n<p>06 a 08\/05\/1994 &#8211; Sassari &#8211; Sardenha It\u00e1lia<\/p>\n\n\n\n<p>08 a 12\/08\/1994 &#8211; Espinho &#8211; Portugal<\/p>\n\n\n\n<p>18 a 20\/11\/1994 &#8211; Coimbra &#8211; Portugal<\/p>\n\n\n\n<p>01 e 02\/04\/1995 &#8211; Castelvecchio Pascoli &#8211; It\u00e1lia<\/p>\n\n\n\n<p>07 a 09\/04\/1995 &#8211; Set\u00fabal &#8211; Portugal<\/p>\n\n\n\n<p>12 a 14\/04\/1996 &#8211; L\u2019Eliana &#8211; Val\u00eancia Espanha<\/p>\n\n\n\n<p>19 a 21\/04\/1996 &#8211; F\u00e1tima &#8211; Portugal<\/p>\n\n\n\n<p>01 e 02\/06\/1996 &#8211; Encamp &#8211; Andorra<\/p>\n\n\n\n<p>11 a 13\/04\/1997 &#8211; L\u2019Eliana &#8211; Val\u00eancia Espanha<\/p>\n\n\n\n<p>25 e 26\/04\/1997 &#8211; Pombal &#8211; Portugal<\/p>\n\n\n\n<p>03 e 04\/05\/1997 &#8211; Ir\u00fan &#8211; Espanha<\/p>\n\n\n\n<p>21 a 23\/11\/1997 &#8211; Aveiro &#8211; Portugal<\/p>\n\n\n\n<p>04 e 05\/04\/1998 &#8211; Leiria &#8211; Portugal<\/p>\n\n\n\n<p>02 e 03\/05\/1998 &#8211; Gigon &#8211; Espanha<\/p>\n\n\n\n<p>27 e 28\/06\/1998 &#8211; Utrecht &#8211; Holanda<\/p>\n\n\n\n<p>13 e 14\/03\/1999 &#8211; Set\u00fabal &#8211; Portugal<\/p>\n\n\n\n<p>01 e 02\/05\/1999 &#8211; Gigon &#8211; Espanha<\/p>\n\n\n\n<p>26 e 27\/02\/2000 &#8211; Paris &#8211; Fran\u00e7a<\/p>\n\n\n\n<p>29 e 30\/04\/2000 &#8211; Hasselt &#8211; B\u00e9lgica<\/p>\n\n\n\n<p>26 a 30\/07\/2000 &#8211; Sant Julia de L\u00f3ria &#8211; Andorra<\/p>\n\n\n\n<p>20 e 21\/01\/2001 &#8211; Leiria &#8211; Portugal<\/p>\n\n\n\n<p>17 e 18\/02\/2001 &#8211; Beggen &#8211; Luxemburgo<\/p>\n\n\n\n<p>05 e 06\/05\/2001 &#8211; Hasselt &#8211; B\u00e9lgica<\/p>\n\n\n\n<p>22 a 24\/06\/2001 &#8211; Figueira da Foz &#8211; Portugal<\/p>\n\n\n\n<p>25 a 29\/07\/2001 &#8211; Sant Julia de L\u00f3ria &#8211; Andorra<\/p>\n\n\n\n<p>19 e 20\/01\/2002 &#8211; Aveiro &#8211; Portugal<\/p>\n\n\n\n<p>02 e 03\/03\/2002 &#8211; Glasgow &#8211; Esc\u00f3cia<\/p>\n\n\n\n<p>13 e 14\/04\/2002 &#8211; Gigon &#8211; Espanha<\/p>\n\n\n\n<p>08 e 09\/06\/2002 &#8211; Guimar\u00e3es &#8211; Portugal<\/p>\n\n\n\n<p>09 e 10\/11\/2002 &#8211; Hasselt &#8211; B\u00e9lgica<\/p>\n\n\n\n<p>29 e 30\/03\/2003 &#8211; Leiria &#8211; Portugal<\/p>\n\n\n\n<p>13 a 15\/06\/2003 &#8211; Tr\u00f3ia &#8211; Portugal<\/p>\n\n\n\n<p><strong>Contactos:<\/strong>&nbsp;<\/p>\n\n\n\n<p>Miguel Rocha<\/p>\n\n\n\n<p><strong>Telm:<\/strong> 96 35 25 111<\/p>\n\n\n\n<p><a href=\"mailto:miguel.d.rocha1@gmail.com\">miguel.d.rocha1@gmail.com<\/a><\/p>\n\n\n\n<p><\/p>\n","protected":false},"excerpt":{"rendered":"<p>Miguel Rocha Curriculum Nascido em Aveiro a 18 de Novembro de 1965, iniciou a pr\u00e1tica de Karate em 1977, no \u201cCentro de Karate-Do de Aveiro\u201d. Sob a orienta\u00e7\u00e3o t\u00e9cnica da \u201cAssocia\u00e7\u00e3o Shotokan Karate-Do de Portugal\u201d obteve as diversas gradua\u00e7\u00f5es at\u00e9 Cinto Negro \u2013 1\u00ba Dan, conseguindo esta gradua\u00e7\u00e3o em 1984, a qual foi atribuida pelo<\/p><\/div>\n<div class=\"blog-btn\"><a href=\"https:\/\/www.ckaveiro.com\/web\/miguel-rocha\/\" class=\"home-blog-btn\">Ler mais<\/a><\/p>\n","protected":false},"author":1,"featured_media":0,"parent":0,"menu_order":0,"comment_status":"open","ping_status":"open","template":"","meta":{"footnotes":"","_links_to":"","_links_to_target":""},"class_list":["post-537","page","type-page","status-publish","hentry"],"_links":{"self":[{"href":"https:\/\/www.ckaveiro.com\/web\/wp-json\/wp\/v2\/pages\/537","targetHints":{"allow":["GET"]}}],"collection":[{"href":"https:\/\/www.ckaveiro.com\/web\/wp-json\/wp\/v2\/pages"}],"about":[{"href":"https:\/\/www.ckaveiro.com\/web\/wp-json\/wp\/v2\/types\/page"}],"author":[{"embeddable":true,"href":"https:\/\/www.ckaveiro.com\/web\/wp-json\/wp\/v2\/users\/1"}],"replies":[{"embeddable":true,"href":"https:\/\/www.ckaveiro.com\/web\/wp-json\/wp\/v2\/comments?post=537"}],"version-history":[{"count":16,"href":"https:\/\/www.ckaveiro.com\/web\/wp-json\/wp\/v2\/pages\/537\/revisions"}],"predecessor-version":[{"id":3148,"href":"https:\/\/www.ckaveiro.com\/web\/wp-json\/wp\/v2\/pages\/537\/revisions\/3148"}],"wp:attachment":[{"href":"https:\/\/www.ckaveiro.com\/web\/wp-json\/wp\/v2\/media?parent=537"}],"curies":[{"name":"wp","href":"https:\/\/api.w.org\/{rel}","templated":true}]}}