{"id":545,"date":"2011-01-25T14:12:05","date_gmt":"2011-01-25T14:12:05","guid":{"rendered":"http:\/\/www.ckaveiro.com\/demo\/"},"modified":"2026-01-20T10:38:38","modified_gmt":"2026-01-20T10:38:38","slug":"lionel-tavares","status":"publish","type":"page","link":"https:\/\/www.ckaveiro.com\/web\/lionel-tavares\/","title":{"rendered":"Lionel Tavares"},"content":{"rendered":"\n<h2 class=\"wp-block-heading\"><strong>Lionel Tavares<\/strong><\/h2>\n\n\n\n<div class=\"wp-block-media-text is-stacked-on-mobile\" style=\"grid-template-columns:25% auto\"><figure class=\"wp-block-media-text__media\"><img  title=\"\" loading=\"lazy\" decoding=\"async\" width=\"378\" height=\"542\" src=\"https:\/\/www.ckaveiro.com\/web\/wp-content\/uploads\/2011\/01\/lionel.jpg\"  alt=\"lionel Lionel Tavares\"  class=\"wp-image-635 size-full\" srcset=\"https:\/\/www.ckaveiro.com\/web\/wp-content\/uploads\/2011\/01\/lionel.jpg 378w, https:\/\/www.ckaveiro.com\/web\/wp-content\/uploads\/2011\/01\/lionel-209x300.jpg 209w, https:\/\/www.ckaveiro.com\/web\/wp-content\/uploads\/2011\/01\/lionel-89x128.jpg 89w\" sizes=\"auto, (max-width: 378px) 100vw, 378px\" \/><\/figure><div class=\"wp-block-media-text__content\">\n<p><\/p>\n<\/div><\/div>\n\n\n\n<hr class=\"wp-block-separator has-alpha-channel-opacity\"\/>\n\n\n\n<h2 class=\"wp-block-heading has-medium-font-size\"><strong>Curriculum<\/strong><\/h2>\n\n\n\n<p id=\"block-3fff5297-7d98-4341-8f49-9e55529ba82e\">Nascido em 1974, iniciou a pr\u00e1tica de Karate-Do Shotokan em 1988.<br>Obteve a gradua\u00e7\u00e3o de Cinto Negro \u2013 1\u00ba Dan, em Maio de 1999, atribu\u00edda pelo Mestre Taiji Kase \u2013 9\u00ba Dan da \u201cWorld Karate Shotokan Academy\u201d, em exame realizado em Espanha na cidade de Gigon.<br>Em Mar\u00e7o de 2003 obt\u00eam a gradua\u00e7\u00e3o de 2\u00ba Dan, novamente atribu\u00edda pelo Mestre Taiji Kase, em exame realizado em Leiria.<\/p>\n\n\n\n<p id=\"block-3fff5297-7d98-4341-8f49-9e55529ba82e\">Em Mar\u00e7o de 2010 obt\u00eam a gradua\u00e7\u00e3o de 3\u00ba Dan pelo Sensei Dirk Heene e Sensei Pascal Lecour.<\/p>\n\n\n\n<p id=\"block-648091b1-313c-4142-bdce-a896f1678c12\">No m\u00eas de Maio de 2017 obt\u00eam a gradua\u00e7\u00e3o de 4\u00ba Dan no exame realizado pelo Sensei Dirk Heene e Sensei Jim Martim.<\/p>\n\n\n\n<p id=\"block-43f1f3f3-6a21-4e05-8b04-fb6232747015\">Participou em diversos campeonatos, tendo obtido as seguintes classifica\u00e7\u00f5es de destaque:<\/p>\n\n\n\n<p id=\"block-946ee160-70ea-4b41-9547-f095df57859e\">&#8211; 3\u00ba Classificado em Kumit\u00e9 Individual na categoria de Seniores, na Copa de Coimbra em 2001.<\/p>\n\n\n\n<p id=\"block-067bacf1-17be-4a06-a869-992d29f311fb\">&#8211; 3\u00ba Classificado em Kumit\u00e9 Individual na categoria de Seniores, no Campeonato da Zona Norte da UPKS em 1996.<\/p>\n\n\n\n<p id=\"block-eaf11d4e-748a-4be5-9498-b0e0577ec77c\">&#8211; 3\u00ba Classificado em Kumit\u00e9 Equipa na categoria de Seniores, no Campeonato Nacional da UPKS realizado em Set\u00fabal em 1995.<\/p>\n\n\n\n<p id=\"block-c5e6c8d2-798e-46fc-863b-a6253b19e850\">&#8211; 3\u00ba Classificado em Kumit\u00e9 Individual na categoria de Juvenis, no Campeonato Nacional da UPKS em 1994.<\/p>\n\n\n\n<p id=\"block-22a007c7-55be-4c35-86bb-29ef2ea8069f\">&#8211; 2\u00ba Classificado em Kumit\u00e9 Individual na categoria de Juvenis, no Campeonato da Zona Centro da UPKS em 1993.<\/p>\n\n\n\n<p id=\"block-5f5a07ce-d9d8-45fd-88e1-dc24ee178d71\">&#8211; 2\u00ba Classificado em Kumit\u00e9 Individual na categoria de Juvenis, no Campeonato Nacional da Zona Centro da UPKS realizado em Albergaria em 1991.<\/p>\n\n\n\n<p id=\"block-96e3045c-9fc7-4a4e-bb3c-3a9d88c1809c\">&#8230;<\/p>\n\n\n\n<p id=\"block-a0ecaa44-0cd3-4c95-bda4-3c042cfa6585\">Tem diversas participa\u00e7\u00f5es em cursos nacionais e internacionais leccionados por prestigiados Senseis de renome Mundial.<\/p>\n\n\n\n<p id=\"block-602f4412-29b4-4913-8ba0-6c68b1756cfe\">Actualmente :<\/p>\n\n\n\n<p id=\"block-33a245a5-a90f-43b3-a2e8-c6824946f7d9\">&#8211; Membro C.K.A. &#8211; Presidente do CF. Centro de Karate-Do de Aveiro<br>&#8211; Membro KSKA &#8211; Kase Ha Shotokan Ryu Karate Do Academy<br>&#8211; Treinador nivel II &#8211; FNKP &#8211; Federa\u00e7\u00e3o Nacional de Karate &#8211; Portugal<\/p>\n\n\n\n<p id=\"block-7772de04-d68c-4abd-9f12-44bbfed8ee25\">Treinador Desporto Grau II desde 2012 reconhecidos e atribu\u00eddos pela F.N.K.-P. (Federa\u00e7\u00e3o Nacional de Karate \u2013 Portugal).<\/p>\n\n\n\n<p id=\"block-d6daa12f-69b1-44df-961f-7af003e26a81\">Desde 1998 \u00e9 o respons\u00e1vel t\u00e9cnico de um Dojo no Silveiro \u2013 Oliveira do Bairro, em 2004 Dojo de S\u00e3o Jo\u00e3o do Monte, em 2010 Dojo de Talhadas e Dojo de Verdemilho.<\/p>\n\n\n\n<p id=\"block-653d8536-dce8-46f5-b1ec-7e770ecaced4\">Tem como actividade profissional Empresario \u2013 LDesignercreative \u2013&nbsp;<a href=\"http:\/\/www.ldesignercreative.com\/\">www.ldesignercreative.pt<\/a><\/p>\n\n\n\n<p id=\"block-95ae7fdd-e122-49cf-aecd-e350bc8c6164\"><strong>Contactos:<br><\/strong>Lionel Tavares<br><strong>Telm:<\/strong> 913 423 348<\/p>\n\n\n\n<p id=\"block-95ae7fdd-e122-49cf-aecd-e350bc8c6164\"><a href=\"mailto:lkarate.dojos@gmail.com\">lkarate.dojos@gmail.com<\/a><\/p>\n\n\n\n<p id=\"block-7772de04-d68c-4abd-9f12-44bbfed8ee25\"><\/p>\n\n\n\n<p><\/p>\n","protected":false},"excerpt":{"rendered":"<p>Lionel Tavares Curriculum Nascido em 1974, iniciou a pr\u00e1tica de Karate-Do Shotokan em 1988.Obteve a gradua\u00e7\u00e3o de Cinto Negro \u2013 1\u00ba Dan, em Maio de 1999, atribu\u00edda pelo Mestre Taiji Kase \u2013 9\u00ba Dan da \u201cWorld Karate Shotokan Academy\u201d, em exame realizado em Espanha na cidade de Gigon.Em Mar\u00e7o de 2003 obt\u00eam a gradua\u00e7\u00e3o de<\/p><\/div>\n<div class=\"blog-btn\"><a href=\"https:\/\/www.ckaveiro.com\/web\/lionel-tavares\/\" class=\"home-blog-btn\">Ler mais<\/a><\/p>\n","protected":false},"author":1,"featured_media":0,"parent":0,"menu_order":0,"comment_status":"open","ping_status":"open","template":"","meta":{"footnotes":"","_links_to":"","_links_to_target":""},"class_list":["post-545","page","type-page","status-publish","hentry"],"_links":{"self":[{"href":"https:\/\/www.ckaveiro.com\/web\/wp-json\/wp\/v2\/pages\/545","targetHints":{"allow":["GET"]}}],"collection":[{"href":"https:\/\/www.ckaveiro.com\/web\/wp-json\/wp\/v2\/pages"}],"about":[{"href":"https:\/\/www.ckaveiro.com\/web\/wp-json\/wp\/v2\/types\/page"}],"author":[{"embeddable":true,"href":"https:\/\/www.ckaveiro.com\/web\/wp-json\/wp\/v2\/users\/1"}],"replies":[{"embeddable":true,"href":"https:\/\/www.ckaveiro.com\/web\/wp-json\/wp\/v2\/comments?post=545"}],"version-history":[{"count":26,"href":"https:\/\/www.ckaveiro.com\/web\/wp-json\/wp\/v2\/pages\/545\/revisions"}],"predecessor-version":[{"id":3145,"href":"https:\/\/www.ckaveiro.com\/web\/wp-json\/wp\/v2\/pages\/545\/revisions\/3145"}],"wp:attachment":[{"href":"https:\/\/www.ckaveiro.com\/web\/wp-json\/wp\/v2\/media?parent=545"}],"curies":[{"name":"wp","href":"https:\/\/api.w.org\/{rel}","templated":true}]}}