{"id":72,"date":"2011-01-07T17:49:38","date_gmt":"2011-01-07T17:49:38","guid":{"rendered":"http:\/\/www.ckaveiro.com\/?page_id=72"},"modified":"2026-01-20T11:22:36","modified_gmt":"2026-01-20T11:22:36","slug":"homenagem-ao-sensei-t-kase","status":"publish","type":"page","link":"https:\/\/www.ckaveiro.com\/web\/referencias\/homenagem-ao-sensei-t-kase\/","title":{"rendered":"Homenagem ao Sensei T. Kase"},"content":{"rendered":"\n<h2 class=\"wp-block-heading has-text-align-center\">Homenagem ao Sensei Taiji Kase<\/h2>\n\n\n\n<div class=\"wp-block-cover wp-duotone-unset-1\"><img  title=\"\" loading=\"lazy\" decoding=\"async\" width=\"675\" height=\"1024\" class=\"wp-block-cover__image-background wp-image-3000\"  alt=\"kase-675x1024 Homenagem ao Sensei T. Kase\"  src=\"https:\/\/www.ckaveiro.com\/web\/wp-content\/uploads\/2026\/01\/kase-675x1024.jpg\" data-object-fit=\"cover\" srcset=\"https:\/\/www.ckaveiro.com\/web\/wp-content\/uploads\/2026\/01\/kase-675x1024.jpg 675w, https:\/\/www.ckaveiro.com\/web\/wp-content\/uploads\/2026\/01\/kase-198x300.jpg 198w, https:\/\/www.ckaveiro.com\/web\/wp-content\/uploads\/2026\/01\/kase-768x1166.jpg 768w, https:\/\/www.ckaveiro.com\/web\/wp-content\/uploads\/2026\/01\/kase-80x121.jpg 80w, https:\/\/www.ckaveiro.com\/web\/wp-content\/uploads\/2026\/01\/kase-1012x1536.jpg 1012w, https:\/\/www.ckaveiro.com\/web\/wp-content\/uploads\/2026\/01\/kase-1349x2048.jpg 1349w, https:\/\/www.ckaveiro.com\/web\/wp-content\/uploads\/2026\/01\/kase.jpg 1660w\" sizes=\"auto, (max-width: 675px) 100vw, 675px\" \/><span aria-hidden=\"true\" class=\"wp-block-cover__background has-background-dim\"><\/span><div class=\"wp-block-cover__inner-container is-layout-flow wp-block-cover-is-layout-flow\">\n<p><\/p>\n<\/div><\/div>\n\n\n\n<p>Sensei Taiji Kase dedicou toda a sua vida ao treino e divulga\u00e7\u00e3o do Karate Shotokan, desenvolvendo a sua pr\u00e1tica com o verdadeiro esp\u00edrito do Budo, segundo os princ\u00edpios orientais que nunca abandonou, apesar de viver muitos anos na Europa. Ao verificar que o Karate a n\u00edvel mundial estava a ser condicionado e atrofiado pela expans\u00e3o da competi\u00e7\u00e3o, que conduzia a uma deturpa\u00e7\u00e3o dos seus princ\u00edpios b\u00e1sicos, estudou e desenvolveu a utiliza\u00e7\u00e3o de toda a variedade de t\u00e9cnicas, posi\u00e7\u00f5es e movimenta\u00e7\u00f5es existentes no estilo Shotokan, restabelecendo um Karate mais rico em solu\u00e7\u00f5es e mais pr\u00f3ximo das suas origens.<\/p>\n\n\n\n<p>Na procura constante de um Karate mais abrangente e diversificado, criou tamb\u00e9m algumas variantes t\u00e9cnicas que reflectiam o seu cunho pessoal, mas sem nunca alterar as bases que caracterizam o estilo Shotokan. As suas qualidades como executante e instrutor resultaram no reconhecimento internacional como um dos grandes instrutores de Karate. O Karate desenvolvido actualmente pelo Centro de Karate-Do de Aveiro tem uma profunda influ\u00eancia dos ensinamentos do Sensei Taiji Kase, de que muito nos orgulhamos, resultado de dezenas de cursos com a sua orienta\u00e7\u00e3o, que alguns instrutores do C.K.A. frequentaram. O Centro de Karate-Do de Aveiro teve tamb\u00e9m o privil\u00e9gio de organizar tr\u00eas cursos em Aveiro, com a orienta\u00e7\u00e3o do Sensei Taiji Kase, nos quais se fortaleceu uma liga\u00e7\u00e3o j\u00e1 existente dos seus principais instrutores com o Sensei. N\u00f3s, que conhecemos, trein\u00e1mos, aprendemos e convivemos com o Sensei Taiji Kase, queremos prestar-lhe esta homenagem.<\/p>\n\n\n\n<p>No aspecto pessoal, exaltamos a sua grande humildade, enorme car\u00e1cter, integridade e \u00e9tica. Era uma pessoa de uma grande simplicidade apesar do seu estatuto de grande instrutor, sempre dispon\u00edvel para ajudar e ensinar, que despoletava em quem o conhecia, uma grande admira\u00e7\u00e3o, respeito e amizade. No que se refere \u00e0 sua vertente de instrutor, salientamos a sua enorme vontade e prazer em transmitir os seus infind\u00e1veis conhecimentos, de um modo simples mas eficaz, originando uma grande motiva\u00e7\u00e3o aos que com ele aprendiam. Para isso, contribu\u00edam as suas espantosas qualidades como executante, que sempre manteve, mesmo com o avan\u00e7ar da idade. Ficam para sempre na nossa mem\u00f3ria a sua indescrit\u00edvel velocidade e impressionante for\u00e7a, aliadas a t\u00e9cnicas perfeitas e eficazes, que, como ningu\u00e9m, soube adaptar \u00e0 sua constitui\u00e7\u00e3o f\u00edsica e que deixavam incr\u00e9dulos todos os que assistiam \u00e0 sua execu\u00e7\u00e3o.<\/p>\n\n\n\n<p>Apesar da sua partida, deixou-nos momentos inesquec\u00edveis, em treinos, em conversas, em hist\u00f3rias, em conv\u00edvios ou em simples exemplos de conduta. Deixou tamb\u00e9m uma marca incompar\u00e1vel no Karate Shotokan praticado pelos seus seguidores. Deixou-nos ainda o privil\u00e9gio de ter aprendido e convivido com um dos grandes vultos do Karate mundial. Deixou, acima de tudo, a saudade. Em sua mem\u00f3ria, queremos prestar esta simples mas sentida homenagem.<\/p>\n","protected":false},"excerpt":{"rendered":"<p>Homenagem ao Sensei Taiji Kase Sensei Taiji Kase dedicou toda a sua vida ao treino e divulga\u00e7\u00e3o do Karate Shotokan, desenvolvendo a sua pr\u00e1tica com o verdadeiro esp\u00edrito do Budo, segundo os princ\u00edpios orientais que nunca abandonou, apesar de viver muitos anos na Europa. Ao verificar que o Karate a n\u00edvel mundial estava a ser<\/p><\/div>\n<div class=\"blog-btn\"><a href=\"https:\/\/www.ckaveiro.com\/web\/referencias\/homenagem-ao-sensei-t-kase\/\" class=\"home-blog-btn\">Ler mais<\/a><\/p>\n","protected":false},"author":1,"featured_media":0,"parent":16,"menu_order":0,"comment_status":"open","ping_status":"open","template":"","meta":{"footnotes":"","_links_to":"","_links_to_target":""},"class_list":["post-72","page","type-page","status-publish","hentry"],"_links":{"self":[{"href":"https:\/\/www.ckaveiro.com\/web\/wp-json\/wp\/v2\/pages\/72","targetHints":{"allow":["GET"]}}],"collection":[{"href":"https:\/\/www.ckaveiro.com\/web\/wp-json\/wp\/v2\/pages"}],"about":[{"href":"https:\/\/www.ckaveiro.com\/web\/wp-json\/wp\/v2\/types\/page"}],"author":[{"embeddable":true,"href":"https:\/\/www.ckaveiro.com\/web\/wp-json\/wp\/v2\/users\/1"}],"replies":[{"embeddable":true,"href":"https:\/\/www.ckaveiro.com\/web\/wp-json\/wp\/v2\/comments?post=72"}],"version-history":[{"count":33,"href":"https:\/\/www.ckaveiro.com\/web\/wp-json\/wp\/v2\/pages\/72\/revisions"}],"predecessor-version":[{"id":3153,"href":"https:\/\/www.ckaveiro.com\/web\/wp-json\/wp\/v2\/pages\/72\/revisions\/3153"}],"up":[{"embeddable":true,"href":"https:\/\/www.ckaveiro.com\/web\/wp-json\/wp\/v2\/pages\/16"}],"wp:attachment":[{"href":"https:\/\/www.ckaveiro.com\/web\/wp-json\/wp\/v2\/media?parent=72"}],"curies":[{"name":"wp","href":"https:\/\/api.w.org\/{rel}","templated":true}]}}