{"id":77,"date":"2011-01-07T17:50:13","date_gmt":"2011-01-07T17:50:13","guid":{"rendered":"http:\/\/www.ckaveiro.com\/?page_id=77"},"modified":"2026-01-30T10:06:13","modified_gmt":"2026-01-30T10:06:13","slug":"sensei-drik-heene","status":"publish","type":"page","link":"https:\/\/www.ckaveiro.com\/web\/referencias\/sensei-drik-heene\/","title":{"rendered":"Sensei Dirk Heene"},"content":{"rendered":"\n<h2 class=\"wp-block-heading\">Sensei Dirk Heene<\/h2>\n\n\n\n<div class=\"wp-block-cover is-light\"><img  title=\"\" loading=\"lazy\" decoding=\"async\" width=\"550\" height=\"459\" class=\"wp-block-cover__image-background wp-image-3410 size-full\"  alt=\"DIRK-HEENE Sensei Dirk Heene\"  src=\"https:\/\/www.ckaveiro.com\/web\/wp-content\/uploads\/2026\/01\/DIRK-HEENE.jpg\" style=\"object-position:49% 33%\" data-object-fit=\"cover\" data-object-position=\"49% 33%\" srcset=\"https:\/\/www.ckaveiro.com\/web\/wp-content\/uploads\/2026\/01\/DIRK-HEENE.jpg 550w, https:\/\/www.ckaveiro.com\/web\/wp-content\/uploads\/2026\/01\/DIRK-HEENE-300x250.jpg 300w\" sizes=\"auto, (max-width: 550px) 100vw, 550px\" \/><span aria-hidden=\"true\" class=\"wp-block-cover__background has-background-dim-10 has-background-dim\" style=\"background-color:#a39287\"><\/span><div class=\"wp-block-cover__inner-container is-layout-flow wp-block-cover-is-layout-flow\">\n<p><\/p>\n<\/div><\/div>\n\n\n\n<p><strong>CURRICULUM:<\/strong><\/p>\n\n\n\n<p>Data de Nascimento: 24 de Janeiro de 1949 em Aalast &#8211; B\u00e9lgica<\/p>\n\n\n\n<p>Gradua\u00e7\u00e3o: 9\u00ba DAN<\/p>\n\n\n\n<p>Inicio da pr\u00e1tica de Karate: 1965 <\/p>\n\n\n\n<p>Inicio da pr\u00e1tica de Karate com Sensei Kase: 1970<\/p>\n\n\n\n<p>Forma\u00e7\u00e3o Acad\u00e9mica: Formado em Educa\u00e7\u00e3o F\u00edsica pela Universidade de Ghent em Junho de 1972.<\/p>\n\n\n\n<p>Actualmente exerce o ensino de Educa\u00e7\u00e3o F\u00edsica e Budo na escola secund\u00e1ria de desporto em Hasselt na B\u00e9lgica, sendo o \u00fanico na B\u00e9lgica a ensinar a especialidade de Budo no ensino oficial. <\/p>\n\n\n\n<p>Competi\u00e7\u00e3o:<\/p>\n\n\n\n<p>3 vezes campe\u00e3o da B\u00e9lgica em Kata.<\/p>\n\n\n\n<p>3 vezes presente na final do Campeonato do Mundo (Los Angels 1975, Tokyo 1977, Almo 1979).<\/p>\n\n\n\n<p>Campe\u00e3o em Kata Equipa na European Shotokan Cup.<\/p>\n\n\n\n<p>Membro da Equipa Nacional Belga de 1970 a 1980.<\/p>\n\n\n\n<p>Participa\u00e7\u00e3o por 9 vezes em Campeonatos da Europa.<\/p>\n\n\n\n<p><em>Outras Informa\u00e7\u00f5es:<\/em><\/p>\n\n\n\n<p>Em 1980, abandona a competi\u00e7\u00e3o aumentando assim o treino de Karate Tradicional com o Sensei Kase.<\/p>\n\n\n\n<p>Membro do Conselho T\u00e9cnico da Shotokan Ryu Kase Ha Instructors Academy.<\/p>\n\n\n\n<p>Instrutor e Conselheiro no \u201cKarate Instructor Course\u201d organizado pelo governo Belga.<\/p>\n","protected":false},"excerpt":{"rendered":"<p>Sensei Dirk Heene CURRICULUM: Data de Nascimento: 24 de Janeiro de 1949 em Aalast &#8211; B\u00e9lgica Gradua\u00e7\u00e3o: 9\u00ba DAN Inicio da pr\u00e1tica de Karate: 1965 Inicio da pr\u00e1tica de Karate com Sensei Kase: 1970 Forma\u00e7\u00e3o Acad\u00e9mica: Formado em Educa\u00e7\u00e3o F\u00edsica pela Universidade de Ghent em Junho de 1972. Actualmente exerce o ensino de Educa\u00e7\u00e3o F\u00edsica<\/p><\/div>\n<div class=\"blog-btn\"><a href=\"https:\/\/www.ckaveiro.com\/web\/referencias\/sensei-drik-heene\/\" class=\"home-blog-btn\">Ler mais<\/a><\/p>\n","protected":false},"author":1,"featured_media":0,"parent":16,"menu_order":0,"comment_status":"open","ping_status":"open","template":"","meta":{"footnotes":"","_links_to":"","_links_to_target":""},"class_list":["post-77","page","type-page","status-publish","hentry"],"_links":{"self":[{"href":"https:\/\/www.ckaveiro.com\/web\/wp-json\/wp\/v2\/pages\/77","targetHints":{"allow":["GET"]}}],"collection":[{"href":"https:\/\/www.ckaveiro.com\/web\/wp-json\/wp\/v2\/pages"}],"about":[{"href":"https:\/\/www.ckaveiro.com\/web\/wp-json\/wp\/v2\/types\/page"}],"author":[{"embeddable":true,"href":"https:\/\/www.ckaveiro.com\/web\/wp-json\/wp\/v2\/users\/1"}],"replies":[{"embeddable":true,"href":"https:\/\/www.ckaveiro.com\/web\/wp-json\/wp\/v2\/comments?post=77"}],"version-history":[{"count":18,"href":"https:\/\/www.ckaveiro.com\/web\/wp-json\/wp\/v2\/pages\/77\/revisions"}],"predecessor-version":[{"id":3413,"href":"https:\/\/www.ckaveiro.com\/web\/wp-json\/wp\/v2\/pages\/77\/revisions\/3413"}],"up":[{"embeddable":true,"href":"https:\/\/www.ckaveiro.com\/web\/wp-json\/wp\/v2\/pages\/16"}],"wp:attachment":[{"href":"https:\/\/www.ckaveiro.com\/web\/wp-json\/wp\/v2\/media?parent=77"}],"curies":[{"name":"wp","href":"https:\/\/api.w.org\/{rel}","templated":true}]}}