{"id":81,"date":"2011-01-07T17:50:49","date_gmt":"2011-01-07T17:50:49","guid":{"rendered":"http:\/\/www.ckaveiro.com\/?page_id=81"},"modified":"2026-01-20T11:42:28","modified_gmt":"2026-01-20T11:42:28","slug":"sensei-yoshitaka-funakoshi","status":"publish","type":"page","link":"https:\/\/www.ckaveiro.com\/web\/referencias\/sensei-yoshitaka-funakoshi\/","title":{"rendered":"Sensei Yoshitaka Funakoshi"},"content":{"rendered":"\n<h2 class=\"wp-block-heading has-text-align-center\">Sensei Yoshitaka Funakoshi<\/h2>\n\n\n<div class=\"wp-block-image\">\n<figure class=\"aligncenter\"><img  title=\"\" loading=\"lazy\" decoding=\"async\" width=\"378\" height=\"536\" src=\"https:\/\/www.ckaveiro.com\/web\/wp-content\/uploads\/2011\/01\/gigo_funakoshi.jpg\"  alt=\"gigo_funakoshi Sensei Yoshitaka Funakoshi\"  class=\"wp-image-87\" srcset=\"https:\/\/www.ckaveiro.com\/web\/wp-content\/uploads\/2011\/01\/gigo_funakoshi.jpg 378w, https:\/\/www.ckaveiro.com\/web\/wp-content\/uploads\/2011\/01\/gigo_funakoshi-211x300.jpg 211w\" sizes=\"auto, (max-width: 378px) 100vw, 378px\" \/><\/figure>\n<\/div>\n\n\n<p>Mesmo tendo falecido jovem, antes de completar 40 anos (primavera de 1945) Gigo Funakoshi (ou Yoshitaka, dependendo de como se l\u00ea os dois Kanji que formam seu nome), o terceiro filho de Mestre Funakoshi teve grande influ\u00eancia no Karate moderno.<\/p>\n\n\n\n<p>Visto que seu pai foi respons\u00e1vel por transformar o Karate de uma mera t\u00e9cnica de luta para um caminho de filosofia marcial (um modo de vida), Yoshitaka foi o respons\u00e1vel por seu desenvolvimento, sob a supervis\u00e3o de seu pai e auxiliado por outros importantes artistas marciais, uma t\u00e9cnica de Karate que definitivamente distinguiu o Karate-do japon\u00eas da arte de Okinawa, dando-lhe um sabor japon\u00eas completamente diferente.<\/p>\n\n\n\n<p>Yoshitaka come\u00e7ou seu treino de Karate formalmente quando tinha 12 ano de idade, mas muito antes ele j\u00e1 tinha tido contacto com o Karate. No livro de Mestre Funakoshi Karate-do: o meu modo de vida, o mestre conta como ele sempre treinava Karate com seus mestres, Y. Itosu e Y. Azato na companhia de seus filhos, eles podiam assisti-lo executando os Katas, e ent\u00e3o os mestres podiam perguntar \u00e0s crian\u00e7as sobre eles tamb\u00e9m.<\/p>\n\n\n\n<p>Apesar de n\u00e3o possuir uma estatura alta, ele era extremamente forte para seu tamanho. Ele chegou a ser realmente um fen\u00f3meno no campo das artes marciais, atingindo um extraordin\u00e1rio n\u00edvel t\u00e9cnico e a maestria do Karate-do. Ele foi considerado, e continha o sendo por muitos, o melhor karateca que j\u00e1 existiu, pelo menos tecnicamente e fisicamente, foi dito que Mestre Shigeru Egami considerou ele um g\u00e9nio do Karate.<\/p>\n\n\n\n<p>Egami tamb\u00e9m contou como Yoshitaka treinou com seu makiwara: &#8220;Seu soco era incr\u00edvel, ele tomava dist\u00e2ncia do alvo como se estivesse montando num cavalo (kiba dachi) e disparava seus socos contra o makiwara da posi\u00e7\u00e3o na qual seus bra\u00e7os saiam da altura de sua cintura, sem usar muito o quadril. A pot\u00eancia de seus socos era inquestion\u00e1vel e ele avan\u00e7ava com todo o peso de seu corpo fazendo multiplicar essa for\u00e7a. Frequentemente ele quebrava o makiwara em dois. Tendo isso como exemplo tent\u00e1vamos sempre imit\u00e1-lo e trein\u00e1vamos muito duro com o objectivo de quebrar o makiwara&#8221;. (&#8220;The Way of Karate, Beyond Technique&#8221;, Shigeru Egami).<\/p>\n\n\n\n<p>Existem muitas hist\u00f3rias sobre as fa\u00e7anhas de Gigo, mas actualmente \u00e9 dif\u00edcil distinguir o que \u00e9 verdade do que \u00e9 lenda. Quando tinha apenas 7 anos, ele foi diagnosticado como sendo portador da Tuberculose, uma doen\u00e7a letal antes de serem descobertos antibi\u00f3ticos especiais, e os m\u00e9dicos estimaram que ele n\u00e3o passaria dos 20 anos de idade. Yoshitaka parecia decidido, em parte devido a sua doen\u00e7a, que treinaria com toda a sua energia, para atingir o n\u00edvel mais alto poss\u00edvel na arte do Karate, antes de perder na luta contra a morte.<\/p>\n\n\n\n<p>Sua garra e for\u00e7a f\u00edsica tornaram-se o instrumento da cria\u00e7\u00e3o de novas t\u00e9cnicas. Estendendo a cria\u00e7\u00e3o de seu pai, Gigo foi o criador t\u00e9cnico do Karate moderno. Assim, onde as t\u00e9cnicas davam \u00eanfase ao uso e desenvolvimento dos membros superiores, Yoshitaka descobriu novas t\u00e9cnicas de perna, Mawashi Geri, Yoko Geri Kekomi, Yoko Geri Keage, Fumikomi, Ura Mawashi Geri [embora eu tenha sido informado de que Kase sensei foi o respons\u00e1vel por essa t\u00e9cnica] e Ushiro Geri.<\/p>\n\n\n\n<p>Tudo isso tornou-se parte do grande arsenal do antigo estilo de Okinawa. As t\u00e9cnicas de perna eram executadas levantando-se o joelho muito mais r\u00e1pido do que nos estilos anteriores, e o uso dos quadris foi enfatizado. Outros desenvolvimentos t\u00e9cnicos foram: o giro do tronco para uma posi\u00e7\u00e3o semi-frontal (hanmi) quando bloqueamos; o giro do tronco para frente com a rota\u00e7\u00e3o do quadril quando atacamos, a ideia principal era desferir o ataque utilizando todo o corpo. Yoshitaka insistiu no uso de curtas dist\u00e2ncias e ataques profundos, t\u00e9cnicas complementares, coisa que o distinguiu imediatamente do Karate de Okinawa. Ele tamb\u00e9m deu import\u00e2ncia ao oi zuki e gyaku zuki. As sess\u00f5es de treino eram muito exaustivas, durante elas, Gigo esperava que seus alunos dessem o dobro de energia que eles colocariam em uma luta real, assim eles estariam certamente preparados para se manter em p\u00e9 numa situa\u00e7\u00e3o real.<\/p>\n\n\n\n<p>Mestre Gichin Funakoshi aprovou sem excep\u00e7\u00f5es, mesmo que o que ele ensinou, \u00e0s vezes, ao menos aparentemente, contradizia o que seu filho estava ensinando. Gigo sempre foi muito respeitado pelos estudiosos do Karate e por seus alunos, al\u00e9m de n\u00e3o ver impedimento algum na evolu\u00e7\u00e3o do at\u00e9 ent\u00e3o chamado estilo Shotokan, e nunca criou conflitos entre Mestres e alunos.<\/p>\n\n\n\n<p>Sob a lideran\u00e7a de Gigo grandes mudan\u00e7as vieram \u00e0 tona entre 1930 e 1935. A maioria delas relacionadas ao Kumite. Visto que seu pai deu mais \u00eanfase aos Kata, Gigo desenvolveu t\u00e9cnicas de treino para a luta. Primeiro ele criou o Gohon Kumite (treino combinado com cinco ataques em avan\u00e7o), um sistema semelhante ao usado no Kendo, uma arte que Yoshitaka tamb\u00e9m praticou e estudou sob a supervis\u00e3o do Gr\u00e3o Mestre Hakudo Nakayama, de onde ele obteve importante inspira\u00e7\u00e3o para os futuros desenvolvimentos no Karate.<\/p>\n\n\n\n<p>Em 1933 ele havia estabelecido o Kihon Ippon Kumite (treino combinado de um passo por vez) seguido pelo Jiyu Ippon Kumite, semelhante ao Kihon Ippon Kumite mas em movimento (Yoshitaka gostava bastante dessa forma de Kumite), e tudo isso inspirou o Kata TEN NO KATA. Esse processo terminou com a luta livre, Jiyu Kumite, em 1935.<\/p>\n\n\n\n<p>Entre muitos karatecas que participaram na equipa de treino e de desenvolvimento envolvendo Gigo estavam Shigeru Egami e Genshin Hironishi. Em 1936 foi publicado o livro Karate-do Kyohan, onde estavam inclu\u00eddos os m\u00e9todos b\u00e1sicos de luta mas na maioria estavam inclusas altera\u00e7\u00f5es nos Kata, seguindo um novo conjunto de t\u00e9cnicas estabelecidas. Esse livro representou claramente o nascimento do Karate-do como uma nova arte marcial japonesa, finalmente crescendo de sua heran\u00e7a okinawana, isso ficou muito claro ao se estabelecer a altera\u00e7\u00e3o do kanji para &#8220;Kara&#8221; e tamb\u00e9m pela renomea\u00e7\u00e3o dos Kata com nomes japoneses que soavam &#8220;bem&#8221;.<\/p>\n\n\n\n<p>Yoshitaka e Gichin Funakoshi publicaram um novo livro em 1943, Karate-do Nyumon, onde Yoshitaka disse ter escrito a parte t\u00e9cnica e seu pai os cap\u00edtulos iniciais e a sec\u00e7\u00e3o hist\u00f3rica.<\/p>\n\n\n\n<p>Como todo mundo sabe, infelizmente para o mundo do Karate, como resultado de uma vida em condi\u00e7\u00f5es muito dif\u00edceis durante a 2a. Guerra Mundial em conjunto com o treino muito duro e impiedoso, a doen\u00e7a que o seguiu por tantos anos levou-o a morte, assim a estrela brilhante que Gigo representou para o Karate foi extinta.<\/p>\n","protected":false},"excerpt":{"rendered":"<p>Sensei Yoshitaka Funakoshi Mesmo tendo falecido jovem, antes de completar 40 anos (primavera de 1945) Gigo Funakoshi (ou Yoshitaka, dependendo de como se l\u00ea os dois Kanji que formam seu nome), o terceiro filho de Mestre Funakoshi teve grande influ\u00eancia no Karate moderno. Visto que seu pai foi respons\u00e1vel por transformar o Karate de uma<\/p><\/div>\n<div class=\"blog-btn\"><a href=\"https:\/\/www.ckaveiro.com\/web\/referencias\/sensei-yoshitaka-funakoshi\/\" class=\"home-blog-btn\">Ler mais<\/a><\/p>\n","protected":false},"author":1,"featured_media":0,"parent":16,"menu_order":0,"comment_status":"open","ping_status":"open","template":"","meta":{"footnotes":"","_links_to":"","_links_to_target":""},"class_list":["post-81","page","type-page","status-publish","hentry"],"_links":{"self":[{"href":"https:\/\/www.ckaveiro.com\/web\/wp-json\/wp\/v2\/pages\/81","targetHints":{"allow":["GET"]}}],"collection":[{"href":"https:\/\/www.ckaveiro.com\/web\/wp-json\/wp\/v2\/pages"}],"about":[{"href":"https:\/\/www.ckaveiro.com\/web\/wp-json\/wp\/v2\/types\/page"}],"author":[{"embeddable":true,"href":"https:\/\/www.ckaveiro.com\/web\/wp-json\/wp\/v2\/users\/1"}],"replies":[{"embeddable":true,"href":"https:\/\/www.ckaveiro.com\/web\/wp-json\/wp\/v2\/comments?post=81"}],"version-history":[{"count":14,"href":"https:\/\/www.ckaveiro.com\/web\/wp-json\/wp\/v2\/pages\/81\/revisions"}],"predecessor-version":[{"id":3163,"href":"https:\/\/www.ckaveiro.com\/web\/wp-json\/wp\/v2\/pages\/81\/revisions\/3163"}],"up":[{"embeddable":true,"href":"https:\/\/www.ckaveiro.com\/web\/wp-json\/wp\/v2\/pages\/16"}],"wp:attachment":[{"href":"https:\/\/www.ckaveiro.com\/web\/wp-json\/wp\/v2\/media?parent=81"}],"curies":[{"name":"wp","href":"https:\/\/api.w.org\/{rel}","templated":true}]}}